{"id":2123,"date":"2022-06-10T12:42:21","date_gmt":"2022-06-10T10:42:21","guid":{"rendered":"https:\/\/abespartsmtz.com\/ueber-uns\/"},"modified":"2025-09-01T11:01:00","modified_gmt":"2025-09-01T09:01:00","slug":"ueber-uns","status":"publish","type":"page","link":"https:\/\/abespartsmtz.com\/de\/ueber-uns\/","title":{"rendered":"\u00dcber uns"},"content":{"rendered":"\t\t<div data-elementor-type=\"wp-page\" data-elementor-id=\"2123\" class=\"elementor elementor-2123 elementor-24\">\n\t\t\t\t\t\t\t\t\t<section class=\"elementor-section elementor-top-section elementor-element elementor-element-45f3034 elementor-section-stretched elementor-section-boxed elementor-section-height-default elementor-section-height-default\" data-id=\"45f3034\" data-element_type=\"section\" data-settings=\"{&quot;stretch_section&quot;:&quot;section-stretched&quot;,&quot;background_background&quot;:&quot;classic&quot;}\">\n\t\t\t\t\t\t<div class=\"elementor-container elementor-column-gap-no\">\n\t\t\t\t\t<div class=\"elementor-column elementor-col-100 elementor-top-column elementor-element elementor-element-e98ceb0\" data-id=\"e98ceb0\" data-element_type=\"column\">\n\t\t\t<div class=\"elementor-widget-wrap elementor-element-populated\">\n\t\t\t\t\t\t\t\t<div class=\"elementor-element elementor-element-979d6cc elementor-widget elementor-widget-heading\" data-id=\"979d6cc\" data-element_type=\"widget\" data-widget_type=\"heading.default\">\n\t\t\t\t<div class=\"elementor-widget-container\">\n\t\t\t<style>\/*! elementor - v3.14.0 - 26-06-2023 *\/\n.elementor-heading-title{padding:0;margin:0;line-height:1}.elementor-widget-heading .elementor-heading-title[class*=elementor-size-]>a{color:inherit;font-size:inherit;line-height:inherit}.elementor-widget-heading .elementor-heading-title.elementor-size-small{font-size:15px}.elementor-widget-heading .elementor-heading-title.elementor-size-medium{font-size:19px}.elementor-widget-heading .elementor-heading-title.elementor-size-large{font-size:29px}.elementor-widget-heading .elementor-heading-title.elementor-size-xl{font-size:39px}.elementor-widget-heading .elementor-heading-title.elementor-size-xxl{font-size:59px}<\/style><h2 class=\"elementor-heading-title elementor-size-default\">\u00dcber uns<\/h2>\t\t<\/div>\n\t\t\t\t<\/div>\n\t\t\t\t\t<\/div>\n\t\t<\/div>\n\t\t\t\t\t\t\t<\/div>\n\t\t<\/section>\n\t\t\t\t<section class=\"elementor-section elementor-top-section elementor-element elementor-element-58d0cb4 elementor-section-content-middle elementor-section-boxed elementor-section-height-default elementor-section-height-default\" data-id=\"58d0cb4\" data-element_type=\"section\">\n\t\t\t\t\t\t<div class=\"elementor-container elementor-column-gap-custom\">\n\t\t\t\t\t<div class=\"elementor-column elementor-col-50 elementor-top-column elementor-element elementor-element-db3e6ad\" data-id=\"db3e6ad\" data-element_type=\"column\">\n\t\t\t<div class=\"elementor-widget-wrap elementor-element-populated\">\n\t\t\t\t\t\t\t\t<div class=\"elementor-element elementor-element-1190153 elementor-widget elementor-widget-heading\" data-id=\"1190153\" data-element_type=\"widget\" data-widget_type=\"heading.default\">\n\t\t\t\t<div class=\"elementor-widget-container\">\n\t\t\t<h2 class=\"elementor-heading-title elementor-size-default\">ABES PARTS MTZ<\/h2>\t\t<\/div>\n\t\t\t\t<\/div>\n\t\t\t\t<div class=\"elementor-element elementor-element-5a75ba7 elementor-widget elementor-widget-text-editor\" data-id=\"5a75ba7\" data-element_type=\"widget\" data-widget_type=\"text-editor.default\">\n\t\t\t\t<div class=\"elementor-widget-container\">\n\t\t\t<style>\/*! elementor - v3.14.0 - 26-06-2023 *\/\n.elementor-widget-text-editor.elementor-drop-cap-view-stacked .elementor-drop-cap{background-color:#69727d;color:#fff}.elementor-widget-text-editor.elementor-drop-cap-view-framed .elementor-drop-cap{color:#69727d;border:3px solid;background-color:transparent}.elementor-widget-text-editor:not(.elementor-drop-cap-view-default) .elementor-drop-cap{margin-top:8px}.elementor-widget-text-editor:not(.elementor-drop-cap-view-default) .elementor-drop-cap-letter{width:1em;height:1em}.elementor-widget-text-editor .elementor-drop-cap{float:left;text-align:center;line-height:1;font-size:50px}.elementor-widget-text-editor .elementor-drop-cap-letter{display:inline-block}<\/style>\t\t\t\t<p data-start=\"114\" data-end=\"394\"><br data-start=\"126\" data-end=\"129\" \/><strong>Unser Online-Shop ist seit 2023 auf dem Markt t\u00e4tig und spezialisiert sich auf den Verkauf von Ersatzteilen f\u00fcr MTZ Belarus Traktoren. Wir wurden mit dem Ziel gegr\u00fcndet, Landwirten und Mechanikern zuverl\u00e4ssige, gepr\u00fcfte und sofort verf\u00fcgbare Ersatzteile anzubieten.<\/strong><\/p><p data-start=\"396\" data-end=\"663\"><strong>Wir bieten ein breites Sortiment an Originalteilen sowie hochwertigen Ersatzteilen \u2013 sowohl f\u00fcr die g\u00e4ngigsten MTZ-Modelle als auch f\u00fcr \u00e4ltere Traktoren. Unser Fokus liegt auf professionellem Kundenservice, schneller Auftragsabwicklung und wettbewerbsf\u00e4higen Preisen.<\/strong><\/p><p data-start=\"665\" data-end=\"709\"><strong>In unserem Angebot finden Sie unter anderem:<\/strong><\/p><ul data-start=\"710\" data-end=\"857\"><li data-start=\"710\" data-end=\"723\"><p data-start=\"712\" data-end=\"723\"><strong>Motorteile,<\/strong><\/p><\/li><li data-start=\"724\" data-end=\"769\"><p data-start=\"726\" data-end=\"769\"><strong>Komponenten f\u00fcr Hydraulik- und Lenksysteme,<\/strong><\/p><\/li><li data-start=\"770\" data-end=\"786\"><p data-start=\"772\" data-end=\"786\"><strong>Getriebeteile,<\/strong><\/p><\/li><li data-start=\"787\" data-end=\"826\"><p data-start=\"789\" data-end=\"826\"><strong>Filter, Dichtungen, Riemen und Lager,<\/strong><\/p><\/li><li data-start=\"827\" data-end=\"857\"><p data-start=\"829\" data-end=\"857\"><strong>Zubeh\u00f6r und Verschlei\u00dfteile.<\/strong><\/p><\/li><\/ul><p data-start=\"859\" data-end=\"961\"><strong>Zahlreiche Kunden aus ganz Polen vertrauen uns bereits \u2013 \u00fcberzeugen auch Sie sich von unserem Service!<\/strong><\/p>\t\t\t\t\t\t<\/div>\n\t\t\t\t<\/div>\n\t\t\t\t\t<\/div>\n\t\t<\/div>\n\t\t\t\t<div class=\"elementor-column elementor-col-50 elementor-top-column elementor-element elementor-element-bfe4067\" data-id=\"bfe4067\" data-element_type=\"column\">\n\t\t\t<div class=\"elementor-widget-wrap elementor-element-populated\">\n\t\t\t\t\t\t\t\t<div class=\"elementor-element elementor-element-8478999 elementor-widget elementor-widget-image\" data-id=\"8478999\" data-element_type=\"widget\" data-widget_type=\"image.default\">\n\t\t\t\t<div class=\"elementor-widget-container\">\n\t\t\t<style>\/*! elementor - v3.14.0 - 26-06-2023 *\/\n.elementor-widget-image{text-align:center}.elementor-widget-image a{display:inline-block}.elementor-widget-image a img[src$=\".svg\"]{width:48px}.elementor-widget-image img{vertical-align:middle;display:inline-block}<\/style>\t\t\t\t\t\t\t\t\t\t\t\t<img loading=\"lazy\" decoding=\"async\" width=\"1920\" height=\"1280\" src=\"https:\/\/abespartsmtz.com\/wp-content\/uploads\/2023\/06\/tractor-6544592_1920.jpg\" class=\"attachment-full size-full wp-image-1822\" alt=\"\" srcset=\"https:\/\/abespartsmtz.com\/wp-content\/uploads\/2023\/06\/tractor-6544592_1920.jpg 1920w, https:\/\/abespartsmtz.com\/wp-content\/uploads\/2023\/06\/tractor-6544592_1920-300x200.jpg 300w, https:\/\/abespartsmtz.com\/wp-content\/uploads\/2023\/06\/tractor-6544592_1920-1024x683.jpg 1024w, https:\/\/abespartsmtz.com\/wp-content\/uploads\/2023\/06\/tractor-6544592_1920-768x512.jpg 768w, https:\/\/abespartsmtz.com\/wp-content\/uploads\/2023\/06\/tractor-6544592_1920-1536x1024.jpg 1536w, https:\/\/abespartsmtz.com\/wp-content\/uploads\/2023\/06\/tractor-6544592_1920-600x400.jpg 600w, https:\/\/abespartsmtz.com\/wp-content\/uploads\/2023\/06\/tractor-6544592_1920-1x1.jpg 1w, https:\/\/abespartsmtz.com\/wp-content\/uploads\/2023\/06\/tractor-6544592_1920-10x7.jpg 10w\" sizes=\"auto, (max-width: 1920px) 100vw, 1920px\" \/>\t\t\t\t\t\t\t\t\t\t\t\t\t\t\t<\/div>\n\t\t\t\t<\/div>\n\t\t\t\t\t<\/div>\n\t\t<\/div>\n\t\t\t\t\t\t\t<\/div>\n\t\t<\/section>\n\t\t\t\t\t\t\t<\/div>\n\t\t","protected":false},"excerpt":{"rendered":"<p>\/*! elementor &#8211; v3.14.0 &#8211; 26-06-2023 *\/ .elementor-heading-title{padding:0;margin:0;line-height:1}.elementor-widget-heading .elementor-heading-title[class*=elementor-size-]&gt;a{color:inherit;font-size:inherit;line-height:inherit}.elementor-widget-heading .elementor-heading-title.elementor-size-small{font-size:15px}.elementor-widget-heading .elementor-heading-title.elementor-size-medium{font-size:19px}.elementor-widget-heading .elementor-heading-title.elementor-size-large{font-size:29px}.elementor-widget-heading .elementor-heading-title.elementor-size-xl{font-size:39px}.elementor-widget-heading .elementor-heading-title.elementor-size-xxl{font-size:59px} \u00dcber uns ABES PARTS MTZ Unser Online-Shop ist seit 2023 auf&#8230;<\/p>\n","protected":false},"author":3,"featured_media":0,"parent":0,"menu_order":0,"comment_status":"closed","ping_status":"closed","template":"","meta":{"footnotes":""},"class_list":["post-2123","page","type-page","status-publish","hentry"],"_links":{"self":[{"href":"https:\/\/abespartsmtz.com\/de\/wp-json\/wp\/v2\/pages\/2123","targetHints":{"allow":["GET"]}}],"collection":[{"href":"https:\/\/abespartsmtz.com\/de\/wp-json\/wp\/v2\/pages"}],"about":[{"href":"https:\/\/abespartsmtz.com\/de\/wp-json\/wp\/v2\/types\/page"}],"author":[{"embeddable":true,"href":"https:\/\/abespartsmtz.com\/de\/wp-json\/wp\/v2\/users\/3"}],"replies":[{"embeddable":true,"href":"https:\/\/abespartsmtz.com\/de\/wp-json\/wp\/v2\/comments?post=2123"}],"version-history":[{"count":7,"href":"https:\/\/abespartsmtz.com\/de\/wp-json\/wp\/v2\/pages\/2123\/revisions"}],"predecessor-version":[{"id":8408,"href":"https:\/\/abespartsmtz.com\/de\/wp-json\/wp\/v2\/pages\/2123\/revisions\/8408"}],"wp:attachment":[{"href":"https:\/\/abespartsmtz.com\/de\/wp-json\/wp\/v2\/media?parent=2123"}],"curies":[{"name":"wp","href":"https:\/\/api.w.org\/{rel}","templated":true}]}}